{"id":79,"date":"2014-08-28T11:00:51","date_gmt":"2014-08-28T09:00:51","guid":{"rendered":"http:\/\/www.utopia-electronics.com\/?page_id=79"},"modified":"2014-10-01T10:15:00","modified_gmt":"2014-10-01T08:15:00","slug":"nos-services","status":"publish","type":"page","link":"http:\/\/www.utopia-electronics.com\/?page_id=79","title":{"rendered":"Nos Services"},"content":{"rendered":"<div id=\"pl-79\"  class=\"panel-layout\" ><div id=\"pg-79-0\"  class=\"panel-grid panel-no-style\" ><div id=\"pgc-79-0-0\"  class=\"panel-grid-cell\" ><div id=\"panel-79-0-0-0\" class=\"so-panel widget widget_siteorigin-panels-image panel-first-child panel-last-child\" data-index=\"0\" ><img decoding=\"async\" src=\"http:\/\/www.utopia-electronics.com\/wp-content\/uploads\/engineering.jpg\" \/><\/div><\/div><div id=\"pgc-79-0-1\"  class=\"panel-grid-cell\" ><div id=\"panel-79-0-1-0\" class=\"so-panel widget widget_origin_list panel-first-child panel-last-child\" data-index=\"1\" ><div class=\"origin-widget origin-widget-list origin-widget-list-simple-charcoal\"><h3 class=\"widget-title\">Bureau d&rsquo;\u00e9tude en ing\u00e9nierie Electronique et Informatique<\/h3><p>Vous recherchez un bureau d'\u00e9tude pour le d\u00e9veloppement d'un projet innovant ? Nous sommes l\u00e0 pour vous accompagner !<\/p>\n<ul>\n<li> Conception de cartes \u00e9lectroniques (Etude CAO, sourcing composants)<\/li>\n<li> Conception de syst\u00e8mes m\u00e9caniques (boitiers \/ racks)<\/li>\n<li> D\u00e9veloppement firmwares microcontr\u00f4leurs (8\/16\/32 bits)<\/li>\n<li> D\u00e9veloppement logiciel sur plateformes Windows \/ Linux \/ Android \/ iOS<\/li>\n<li> Veille technologique sur secteurs innovants<\/li>\n<\/ul>\n<\/div><\/div><\/div><\/div><div id=\"pg-79-1\"  class=\"panel-grid panel-no-style\" ><div id=\"pgc-79-1-0\"  class=\"panel-grid-cell\" ><div id=\"panel-79-1-0-0\" class=\"so-panel widget widget_origin_list panel-first-child panel-last-child\" data-index=\"2\" ><div class=\"origin-widget origin-widget-list origin-widget-list-simple-charcoal\"><p>Nous ma\u00eetrisons les architectures num\u00e9riques et analogiques, ainsi que les technologies les plus r\u00e9centes  en mati\u00e8re de communication (Wifi, Bluetooth, Zigbee, gsm, gprs ...), capteurs (temp\u00e9rature, hygrom\u00e9trie, pression, acc\u00e9l\u00e9ration, centrale inertielle ...), radiofr\u00e9quence, localisation GPS, Identification RFiD etc...<br \/>\nSi vous avez un projet, nous avons des solutions ! Consultez-nous !<\/p>\n<\/div><\/div><\/div><\/div><div id=\"pg-79-2\"  class=\"panel-grid panel-no-style\" ><div id=\"pgc-79-2-0\"  class=\"panel-grid-cell\" ><div id=\"panel-79-2-0-0\" class=\"so-panel widget widget_metaslider_widget panel-first-child panel-last-child\" data-index=\"3\" ><div style=\"max-width: 1080px;\" class=\"ml-slider-3-10-0 metaslider metaslider-flex metaslider-97 ml-slider nav-hidden\">\n    \n    <div id=\"metaslider_container_97\">\n        <div id=\"metaslider_97\" class=\"flexslider\">\n            <ul class=\"slides\">\n                <li style=\"display: block; width: 100%;\" class=\"slide-100 ms-image\"><img loading=\"lazy\" decoding=\"async\" src=\"http:\/\/www.utopia-electronics.com\/wp-content\/uploads\/PCB_Assembly-1080x300.jpg\" height=\"300\" width=\"1080\" alt=\"\" class=\"slider-97 slide-100\" \/><\/li>\n                <li style=\"display: none; width: 100%;\" class=\"slide-99 ms-image\"><img loading=\"lazy\" decoding=\"async\" src=\"http:\/\/www.utopia-electronics.com\/wp-content\/uploads\/Mydata_TP11UFP-1080x300.jpg\" height=\"300\" width=\"1080\" alt=\"\" class=\"slider-97 slide-99\" \/><\/li>\n                <li style=\"display: none; width: 100%;\" class=\"slide-98 ms-image\"><img loading=\"lazy\" decoding=\"async\" src=\"http:\/\/www.utopia-electronics.com\/wp-content\/uploads\/PCB_3D-1080x300.jpg\" height=\"300\" width=\"1080\" alt=\"\" class=\"slider-97 slide-98\" \/><\/li>\n            <\/ul>\n        <\/div>\n        \n    <\/div>\n<\/div><\/div><\/div><div id=\"pgc-79-2-1\"  class=\"panel-grid-cell\" ><div id=\"panel-79-2-1-0\" class=\"so-panel widget widget_origin_list panel-first-child panel-last-child\" data-index=\"4\" ><div class=\"origin-widget origin-widget-list origin-widget-list-simple-charcoal\"><h3 class=\"widget-title\">Assemblage Cartes Electroniques<\/h3><p>Du prototype \u00e0 la moyenne s\u00e9rie (500 pi\u00e8ces), UTOPIA Electronics assemble vos cartes \u00e9lectroniques.<br \/>\nNous travaillons selon le r\u00e9f\u00e9rentiel IPC-A-610, classes 1,2 et 3 :<\/p>\n<ul>\n<li> Fabrication des circuits imprim\u00e9s (de 1 \u00e0 16 couches, nombreuses finitions possibles)<\/li>\n<li> Service de prototypage rapide en 48H (\u00e0 compter de la mise \u00e0 disposition des sous-ensembles)<\/li>\n<li> Optimisation de la mise en flancs de vos cartes<\/li>\n<li> Cartes mixtes (CMS\/Traversants) avec reprise manuelle ou passage vague<\/li>\n<li> Int\u00e9gration de vos syst\u00e8mes \u00e9lectroniques (boitiers, racks...)<\/li>\n<li> Programmation cartes \/ Tests sur banc de mesure<\/li>\n<\/ul>\n<\/div><\/div><\/div><\/div><\/div>","protected":false},"excerpt":{"rendered":"<p>Bureau d&rsquo;\u00e9tude en ing\u00e9nierie Electronique et InformatiqueVous recherchez un bureau d&rsquo;\u00e9tude pour le d\u00e9veloppement d&rsquo;un projet innovant ? Nous sommes l\u00e0 pour vous accompagner ! Conception de cartes \u00e9lectroniques (Etude CAO, sourcing composants) Conception de syst\u00e8mes m\u00e9caniques (boitiers \/ racks) D\u00e9veloppement firmwares microcontr\u00f4leurs (8\/16\/32 bits) D\u00e9veloppement logiciel sur plateformes Windows \/ Linux \/ Android \/ [&hellip;]<\/p>\n","protected":false},"author":1,"featured_media":0,"parent":0,"menu_order":4,"comment_status":"closed","ping_status":"closed","template":"","meta":{"footnotes":""},"class_list":["post-79","page","type-page","status-publish","hentry","post"],"_links":{"self":[{"href":"http:\/\/www.utopia-electronics.com\/index.php?rest_route=\/wp\/v2\/pages\/79","targetHints":{"allow":["GET"]}}],"collection":[{"href":"http:\/\/www.utopia-electronics.com\/index.php?rest_route=\/wp\/v2\/pages"}],"about":[{"href":"http:\/\/www.utopia-electronics.com\/index.php?rest_route=\/wp\/v2\/types\/page"}],"author":[{"embeddable":true,"href":"http:\/\/www.utopia-electronics.com\/index.php?rest_route=\/wp\/v2\/users\/1"}],"replies":[{"embeddable":true,"href":"http:\/\/www.utopia-electronics.com\/index.php?rest_route=%2Fwp%2Fv2%2Fcomments&post=79"}],"version-history":[{"count":6,"href":"http:\/\/www.utopia-electronics.com\/index.php?rest_route=\/wp\/v2\/pages\/79\/revisions"}],"predecessor-version":[{"id":123,"href":"http:\/\/www.utopia-electronics.com\/index.php?rest_route=\/wp\/v2\/pages\/79\/revisions\/123"}],"wp:attachment":[{"href":"http:\/\/www.utopia-electronics.com\/index.php?rest_route=%2Fwp%2Fv2%2Fmedia&parent=79"}],"curies":[{"name":"wp","href":"https:\/\/api.w.org\/{rel}","templated":true}]}}