{"id":7,"date":"2014-06-11T10:35:33","date_gmt":"2014-06-11T08:35:33","guid":{"rendered":"http:\/\/www.utopia-electronics.com\/?page_id=7"},"modified":"2018-11-05T11:47:25","modified_gmt":"2018-11-05T10:47:25","slug":"contact","status":"publish","type":"page","link":"http:\/\/www.utopia-electronics.com\/?page_id=7","title":{"rendered":"Contact"},"content":{"rendered":"<div id=\"pl-7\"  class=\"panel-layout\" ><div id=\"pg-7-0\"  class=\"panel-grid panel-no-style\" ><div id=\"pgc-7-0-0\"  class=\"panel-grid-cell\" ><div id=\"panel-7-0-0-0\" class=\"so-panel widget widget_siteorigin-panels-image panel-first-child panel-last-child\" data-index=\"0\" ><img decoding=\"async\" src=\"\/wp-content\/uploads\/contact.jpg\" \/><\/div><\/div><div id=\"pgc-7-0-1\"  class=\"panel-grid-cell\" ><div id=\"panel-7-0-1-0\" class=\"so-panel widget widget_text panel-first-child panel-last-child\" data-index=\"1\" >\t\t\t<div class=\"textwidget\"><p>Pour toute question relative \u00e0 nos produits et services, merci d'utiliser le formulaire suivant.<br \/>\nUne r\u00e9ponse vous sera faite dans les plus brefs d\u00e9lais (g\u00e9n\u00e9ralement sous quelques heures).<\/p>\n<p>Vous pouvez \u00e9galement nous contacter par t\u00e9l\u00e9phone :<\/p>\n<p>T\u00e9l\u00e9phone : <b>+33 (0)5.47.74.83.58 <\/b> \/  T\u00e9l\u00e9copie   : <b> +33 (0)5.47.74.83.59<\/b><\/p>\n<\/div>\n\t\t<\/div><\/div><\/div><div id=\"pg-7-1\"  class=\"panel-grid panel-no-style\" ><div id=\"pgc-7-1-0\"  class=\"panel-grid-cell\" ><div id=\"panel-7-1-0-0\" class=\"so-panel widget widget_form_maker_widget form_maker_widget panel-first-child panel-last-child\" data-index=\"2\" ><div class=\"fm-form-container fm-theme109\"><div id=\"fm-pages10\" class=\"fm-pages wdform_page_navigation \" show_title=\"\" show_numbers=\"1\" type=\"none\"><\/div><form name=\"form10\" action=\"\/index.php?rest_route=%2Fwp%2Fv2%2Fpages%2F7\" method=\"post\" id=\"form10\" class=\"fm-form form10  \" enctype=\"multipart\/form-data\"><input type=\"hidden\" id=\"counter10\" value=\"9\" name=\"counter10\" \/><input type=\"hidden\" id=\"Itemid10\" value=\"\" name=\"Itemid10\" \/><input type=\"hidden\" id=\"fm_bot_validation10\" value=\"\" name=\"fm_bot_validation10\" \/><input type=\"hidden\" id=\"fm_empty_field_validation10\" value=\"\" name=\"fm_empty_field_validation10\" data-value=\"f1f17701e70a16768ad644ed28a12437\" \/><div class=\"wdform-page-and-images\"><div class=\"wdform_page\" id=\"10form_view1\" previous_checkable=\"false\" previous_class=\"wdform-page-button\" previous_type=\"text\" previous_title=\"Previous\" next_checkable=\"true\" next_class=\"wdform-page-button\" next_type=\"text\" next_title=\"Next\" page_title=\"Untitled page\"><div class=\"wdform_section\"><div class=\"wdform_column\"><div class=\"wdform_row\" wdid=\"3\"><div type=\"type_name\" class=\"wdform-field wd-width-100 wd-flex wd-flex-row\"><div class=\"wdform-label-section wd-width-30  wd-flex-row\">\r\n    <label  for=\"wdform_3_element_first10\" class=\"wdform-label\">Nom<\/label><span class=\"wdform-required\">*<\/span><\/div><div class=\"wdform-element-section wd-flex  wd-flex-row wd-width-70\" ><div class=\"wd-flex wd-flex-column wd-width-50\"><input type=\"text\" class=\"wd-width-100\" id=\"wdform_3_element_first10\" name=\"wdform_3_element_first10\" value=\"\" title=\"\" placeholder=\"\"  \/><label class=\"mini_label\" for=\"wdform_3_element_first10\">Nom<\/label><\/div><div class=\"wd-flex wd-flex-column wd-name-separator\"><\/div><div class=\"wd-flex wd-flex-column wd-width-50\"><input type=\"text\" class=\"wd-width-100\" id=\"wdform_3_element_last10\" name=\"wdform_3_element_last10\" value=\"\" title=\"\" placeholder=\"\"  \/><label class=\"mini_label\" for=\"wdform_3_element_last10\">Pr\u00e9nom<\/label><\/div><\/div><\/div><\/div><div class=\"wdform_row\" wdid=\"4\"><div type=\"type_text\" class=\"wdform-field wd-width-100 wd-flex wd-flex-row\"><div class=\"wdform-label-section wd-width-30  wd-flex-row wd-align-items-center\">\r\n    <label  for=\"wdform_4_element10\" class=\"wdform-label\">Soci\u00e9t\u00e9<\/label><\/div><div class=\"wdform-element-section wd-flex  wd-flex-row wd-align-items-center wd-width-70\" ><input type=\"text\"\r\n                           class=\"wd-width-100\"\r\n                           id=\"wdform_4_element10\"\r\n                           name=\"wdform_4_element10\"\r\n                           value=\"\"\r\n                           title=\"\"\r\n                           placeholder=\"\"\r\n                           \r\n                            \/><\/div><\/div><\/div><div class=\"wdform_row\" wdid=\"5\"><div type=\"type_submitter_mail\" class=\"wdform-field wd-width-100 wd-flex wd-flex-row\"><div class=\"wdform-label-section wd-width-30  wd-flex-row\">\r\n    <label  for=\"wdform_5_element10\" class=\"wdform-label\">Email<\/label><span class=\"wdform-required\">*<\/span><\/div><div class=\"wdform-element-section wd-flex  wd-flex-row wd-width-70\" ><input type=\"text\" class=\"wd-width-100\" id=\"wdform_5_element10\" name=\"wdform_5_element10\" value=\"\" title=\"\" placeholder=\"\"   onchange=\"wd_check_email('5', '10', 'This is not a valid email address.')\" \/><\/div><\/div><\/div><div class=\"wdform_row\" wdid=\"6\"><div type=\"type_phone_new\" class=\"wdform-field wd-width-100 wd-flex wd-flex-row\"><div class=\"wdform-label-section wd-width-30 \">\r\n    <label  for=\"wdform_6_element10\" class=\"wdform-label\">T\u00e9l\u00e9phone<\/label><span class=\"wdform-required\">*<\/span><\/div><div class=\"wdform-element-section wd-flex  wd-width-70\" ><input type=\"text\"\r\n                       class=\"wd-width-100\"\r\n                       id=\"wdform_6_element10\"\r\n                       name=\"wdform_6_element10\"\r\n                       value=\"\"\r\n                       placeholder=\"\"  \/><\/div><\/div><\/div><div class=\"wdform_row\" wdid=\"7\"><div type=\"type_textarea\" class=\"wdform-field wd-width-100 wd-flex wd-flex-row\"><div class=\"wdform-label-section wd-width-30 \">\r\n    <label  for=\"wdform_7_element10\" class=\"wdform-label\">Votre message<\/label><span class=\"wdform-required\">*<\/span><\/div><div class=\"wdform-element-section wd-flex  wd-width-70\" style=\"max-width: 300px;\"><textarea class=\"wd-width-100\"\r\n                      id=\"wdform_7_element10\"\r\n                      name=\"wdform_7_element10\"\r\n                      placeholder=\"Veuillez saisir votre message\"\r\n                      style=\"height: 200px;\"\r\n                      ><\/textarea><\/div><\/div><\/div><div class=\"wdform_row\" style=\"position: relative;\" wdid=\"2\"><div type=\"type_recaptcha\" class=\"wdform-field wd-width-100 wd-flex wd-flex-row\"><div class=\"wdform-label-section wd-width-30 wd-flex-row wd-hidden\">\r\n    <label  class=\"wdform-label\">reCAPTCHA<\/label><\/div><div class=\"wdform-element-section wd-flex wd-flex-row wd-width-100\" ><div id=\"recaptcha102\" class=\"g-recaptcha\" data-sitekey=\"6LcgKfASAAAAAF0rLY_-h67LvINavaiSEcnrOJKa\" data-form_id=\"10\" data-badge=\"bottomright\"><\/div><\/div><\/div><\/div><div class=\"wdform_row\" wdid=\"8\"><div type=\"type_submit_reset\" class=\"wdform-field wd-width-100 wd-flex wd-flex-column\"><div class=\"wdform-element-section wd-flex  wd-flex-row wd-justify-content-left wd-width-100\" ><button  type=\"button\" class=\"button-submit\" onclick=\"fm_submit_form('10');\" >Submit<\/button><button  type=\"button\" class=\"button-reset \" onclick=\"fm_reset_form(10);\" >Reset<\/button><\/div><\/div><\/div><\/div><\/div><div class=\"wdform_footer wd-width-100\" valign=\"top\"><div class=\"wd-width-100\"><div class=\"wd-width-100 wd-table\" style=\"padding-top:10px;\"><div class=\"wd-table-group\"><div class=\"wd-table-row\" id=\"10page_nav1\"><\/div><\/div><\/div><\/div><\/div><\/div><\/div><div class=\"wdform_preload\"><\/div><\/form><\/div><\/div><\/div><\/div><\/div>","protected":false},"excerpt":{"rendered":"<p>Pour toute question relative \u00e0 nos produits et services, merci d&rsquo;utiliser le formulaire suivant. Une r\u00e9ponse vous sera faite dans les plus brefs d\u00e9lais (g\u00e9n\u00e9ralement sous quelques heures). Vous pouvez \u00e9galement nous contacter par t\u00e9l\u00e9phone : T\u00e9l\u00e9phone : +33 (0)5.47.74.83.58 \/ T\u00e9l\u00e9copie : +33 (0)5.47.74.83.59 Nom*NomPr\u00e9nom Soci\u00e9t\u00e9 Email* T\u00e9l\u00e9phone* Votre message* reCAPTCHASubmitReset<\/p>\n","protected":false},"author":1,"featured_media":0,"parent":0,"menu_order":6,"comment_status":"closed","ping_status":"closed","template":"templates\/template-full.php","meta":{"footnotes":""},"class_list":["post-7","page","type-page","status-publish","hentry","post"],"_links":{"self":[{"href":"http:\/\/www.utopia-electronics.com\/index.php?rest_route=\/wp\/v2\/pages\/7","targetHints":{"allow":["GET"]}}],"collection":[{"href":"http:\/\/www.utopia-electronics.com\/index.php?rest_route=\/wp\/v2\/pages"}],"about":[{"href":"http:\/\/www.utopia-electronics.com\/index.php?rest_route=\/wp\/v2\/types\/page"}],"author":[{"embeddable":true,"href":"http:\/\/www.utopia-electronics.com\/index.php?rest_route=\/wp\/v2\/users\/1"}],"replies":[{"embeddable":true,"href":"http:\/\/www.utopia-electronics.com\/index.php?rest_route=%2Fwp%2Fv2%2Fcomments&post=7"}],"version-history":[{"count":16,"href":"http:\/\/www.utopia-electronics.com\/index.php?rest_route=\/wp\/v2\/pages\/7\/revisions"}],"predecessor-version":[{"id":243,"href":"http:\/\/www.utopia-electronics.com\/index.php?rest_route=\/wp\/v2\/pages\/7\/revisions\/243"}],"wp:attachment":[{"href":"http:\/\/www.utopia-electronics.com\/index.php?rest_route=%2Fwp%2Fv2%2Fmedia&parent=7"}],"curies":[{"name":"wp","href":"https:\/\/api.w.org\/{rel}","templated":true}]}}