{"id":56,"date":"2014-07-25T11:18:11","date_gmt":"2014-07-25T09:18:11","guid":{"rendered":"http:\/\/www.utopia-electronics.com\/?page_id=56"},"modified":"2015-01-14T00:18:42","modified_gmt":"2015-01-13T23:18:42","slug":"home","status":"publish","type":"page","link":"http:\/\/www.utopia-electronics.com\/","title":{"rendered":"Home"},"content":{"rendered":"<div id=\"pl-56\"  class=\"panel-layout\" ><div id=\"pg-56-0\"  class=\"panel-grid panel-no-style\" ><div id=\"pgc-56-0-0\"  class=\"panel-grid-cell panel-grid-cell-empty\" ><\/div><\/div><div id=\"pg-56-1\"  class=\"panel-grid panel-no-style\" ><div id=\"pgc-56-1-0\"  class=\"panel-grid-cell\" ><div id=\"panel-56-1-0-0\" class=\"so-panel widget widget_circleicon-widget panel-first-child panel-last-child\" data-index=\"0\" >\t\t<div class=\"circle-icon-box circle-icon-position-top circle-icon-hide-box circle-icon-size-small\">\n\t\t\t<div class=\"circle-icon-wrapper\">\n\t\t\t\t\t\t\t\t<div class=\"circle-icon icon-style-set\" style=\"background-image: url(http:\/\/www.utopia-electronics.com\/?page_id=209);background-color: #BD232B\">\n\t\t\t\t\t<div class=\"fa fa-lightbulb-o icon-color-set\" ><\/div>\t\t\t\t<\/div>\n\t\t\t\t\t\t\t<\/div>\n\n\t\t\t\t\t\t<h4 >Actualit\u00e9s R&#038;D<\/h4>\t\t\t\n\t\t\t<p class=\"text\" >Vous trouverez ici quelques projets sur lesquels nous travaillons actuellement...dans le plus grand secret !<\/p>\t\t\t\t\t\t\t<a href=\"http:\/\/www.utopia-electronics.com\/?page_id=209\" class=\"more-button\" >Voir les actualit\u00e9s <i><\/i><\/a>\n\t\t\t\t\t<\/div>\n\t\t<\/div><\/div><div id=\"pgc-56-1-1\"  class=\"panel-grid-cell\" ><div id=\"panel-56-1-1-0\" class=\"so-panel widget widget_circleicon-widget panel-first-child panel-last-child\" data-index=\"1\" >\t\t<div class=\"circle-icon-box circle-icon-position-top circle-icon-hide-box circle-icon-size-small\">\n\t\t\t<div class=\"circle-icon-wrapper\">\n\t\t\t\t<a href=\"?page_id=79\" class=\"link-icon\" >\t\t\t\t<div class=\"circle-icon icon-style-set\" style=\"background-image: url(?page_id=79);background-color: #BD232B\">\n\t\t\t\t\t<div class=\"fa fa-wrench icon-color-set\" ><\/div>\t\t\t\t<\/div>\n\t\t\t\t<\/a>\t\t\t<\/div>\n\n\t\t\t<a href=\"?page_id=79\" class=\"link-title\" >\t\t\t<h4 >Nos Services<\/h4>\t\t\t<\/a>\n\t\t\t<p class=\"text\" >Retrouvez ici les services propos\u00e9s par UTOPIA Electronics. <\/p>\t\t\t\t\t\t\t<a href=\"?page_id=79\" class=\"more-button\" >Voir les services <i><\/i><\/a>\n\t\t\t\t\t<\/div>\n\t\t<\/div><\/div><div id=\"pgc-56-1-2\"  class=\"panel-grid-cell\" ><div id=\"panel-56-1-2-0\" class=\"so-panel widget widget_circleicon-widget panel-first-child panel-last-child\" data-index=\"2\" >\t\t<div class=\"circle-icon-box circle-icon-position-top circle-icon-hide-box circle-icon-size-small\">\n\t\t\t<div class=\"circle-icon-wrapper\">\n\t\t\t\t<a href=\"http:\/\/www.utopia-electronics.com\/?page_id=104\" class=\"link-icon\" >\t\t\t\t<div class=\"circle-icon icon-style-set\" style=\"background-image: url(?page_id=104);background-color: #BD232B\">\n\t\t\t\t\t<div class=\"fa fa-dropbox icon-color-set\" ><\/div>\t\t\t\t<\/div>\n\t\t\t\t<\/a>\t\t\t<\/div>\n\n\t\t\t<a href=\"http:\/\/www.utopia-electronics.com\/?page_id=104\" class=\"link-title\" >\t\t\t<h4 >Nos produits<\/h4>\t\t\t<\/a>\n\t\t\t<p class=\"text\" >Acc\u00e9dez \u00e0 notre boutique en ligne pour retrouver l'ensemble de nos produits propos\u00e9s \u00e0 la vente.<\/p>\t\t\t\t\t\t\t<a href=\"http:\/\/www.utopia-electronics.com\/?page_id=104\" class=\"more-button\" >Visiter la boutique <i><\/i><\/a>\n\t\t\t\t\t<\/div>\n\t\t<\/div><\/div><\/div><\/div>","protected":false},"excerpt":{"rendered":"<p>Actualit\u00e9s R&#038;D Vous trouverez ici quelques projets sur lesquels nous travaillons actuellement&#8230;dans le plus grand secret ! Voir les actualit\u00e9s Nos Services Retrouvez ici les services propos\u00e9s par UTOPIA Electronics. Voir les services Nos produits Acc\u00e9dez \u00e0 notre boutique en ligne pour retrouver l&rsquo;ensemble de nos produits propos\u00e9s \u00e0 la vente. Visiter la boutique<\/p>\n","protected":false},"author":1,"featured_media":0,"parent":0,"menu_order":0,"comment_status":"closed","ping_status":"closed","template":"home-panels.php","meta":{"footnotes":""},"class_list":["post-56","page","type-page","status-publish","hentry","post"],"_links":{"self":[{"href":"http:\/\/www.utopia-electronics.com\/index.php?rest_route=\/wp\/v2\/pages\/56","targetHints":{"allow":["GET"]}}],"collection":[{"href":"http:\/\/www.utopia-electronics.com\/index.php?rest_route=\/wp\/v2\/pages"}],"about":[{"href":"http:\/\/www.utopia-electronics.com\/index.php?rest_route=\/wp\/v2\/types\/page"}],"author":[{"embeddable":true,"href":"http:\/\/www.utopia-electronics.com\/index.php?rest_route=\/wp\/v2\/users\/1"}],"replies":[{"embeddable":true,"href":"http:\/\/www.utopia-electronics.com\/index.php?rest_route=%2Fwp%2Fv2%2Fcomments&post=56"}],"version-history":[{"count":7,"href":"http:\/\/www.utopia-electronics.com\/index.php?rest_route=\/wp\/v2\/pages\/56\/revisions"}],"predecessor-version":[{"id":212,"href":"http:\/\/www.utopia-electronics.com\/index.php?rest_route=\/wp\/v2\/pages\/56\/revisions\/212"}],"wp:attachment":[{"href":"http:\/\/www.utopia-electronics.com\/index.php?rest_route=%2Fwp%2Fv2%2Fmedia&parent=56"}],"curies":[{"name":"wp","href":"https:\/\/api.w.org\/{rel}","templated":true}]}}