{"id":36,"date":"2014-06-16T11:31:39","date_gmt":"2014-06-16T09:31:39","guid":{"rendered":"http:\/\/www.utopia-electronics.com\/?page_id=36"},"modified":"2015-04-09T00:14:23","modified_gmt":"2015-04-08T22:14:23","slug":"notre-equipement","status":"publish","type":"page","link":"http:\/\/www.utopia-electronics.com\/?page_id=36","title":{"rendered":"Notre \u00e9quipement"},"content":{"rendered":"<div id=\"pl-36\"  class=\"panel-layout\" ><div id=\"pg-36-0\"  class=\"panel-grid panel-no-style\" ><div id=\"pgc-36-0-0\"  class=\"panel-grid-cell\" ><div id=\"panel-36-0-0-0\" class=\"so-panel widget widget_text panel-first-child panel-last-child\" data-index=\"0\" >\t\t\t<div class=\"textwidget\">Au travers des nombreux projets qui nous ont \u00e9t\u00e9 confi\u00e9s, UTOPIA Electronics a syst\u00e9matiquement fait le choix de s'\u00e9quiper afin de pouvoir r\u00e9pondre aux demandes de nos clients. Aujourd'hui, l'\u00e9quipement dont nous disposons nous permet de traiter diff\u00e9rents aspects d'un projet (assemblage, programmation et tests des cartes \u00e9lectroniques, conception ou personnalisation de la m\u00e9canique associ\u00e9e (boitier, face avant) etc.. sans faire appel \u00e0 la sous-traitance.\nLa flexibilit\u00e9 et la r\u00e9activit\u00e9 qui en r\u00e9sultent sont grandement appr\u00e9ci\u00e9s par nos clients qui n'ont alors qu'un seul interlocuteur privil\u00e9gi\u00e9 pour le suivi de leur projet.<\/div>\n\t\t<\/div><\/div><\/div><div id=\"pg-36-1\"  class=\"panel-grid panel-no-style\" ><div id=\"pgc-36-1-0\"  class=\"panel-grid-cell\" ><div id=\"panel-36-1-0-0\" class=\"so-panel widget widget_origin_list panel-first-child\" data-index=\"1\" ><div class=\"origin-widget origin-widget-list origin-widget-list-simple-charcoal\"><h3 class=\"widget-title\">Prototypage<\/h3><ul>\n<li> Imprimante 3D FDM MakerBot 2x (mod\u00e9lisation de pi\u00e8ces prototypes en ABS)<\/li>\n<li> Machine de d\u00e9coupe laser CO2 100W (surface de travail 600x900mm, gravure, d\u00e9coupe de mat\u00e9riaux plastique, papier, bois, carton etc...)<\/li>\n<li> Machine d'usinage CNC 1.5KW haute pr\u00e9cision (surface de travail 600x900mm, personnalisation de boitiers plastiques et aluminium, conception d'outillages sur mesure)<\/li>\n<li> Atelier de thermolaquage (Powder Coating) pour rev\u00eatement de finition de boitiers en acier ou aluminium<\/li>\n<li> Atelier d'hydrographie (application d'un film overlay textur\u00e9 puis d'un vernis sur des pi\u00e8ces m\u00e9caniques (boitiers par exemple)<\/li>\n<li> Atelier de s\u00e9rigraphie (application d'encre \u00e0 base d'eau, encres plastisol ou encres vinyliques selon le cas \u00e0 partir d'un cadre de s\u00e9rigraphie)<\/li>\n<\/ul>\n<\/div><\/div><div id=\"panel-36-1-0-1\" class=\"so-panel widget widget_origin_list\" data-index=\"2\" ><div class=\"origin-widget origin-widget-list origin-widget-list-simple-charcoal\"><h3 class=\"widget-title\">Assemblage CMS<\/h3><ul>\n<li> Machine de s\u00e9rigraphie MPM SP20<\/li>\n<li> Machine de placement MyDATA TP9 Ultra Fine Pitch + t\u00eate de placement Hydra (14.4k cps\/h)<\/li>\n<li> Four de refusion \u00e0 convection forc\u00e9e<\/li>\n<li> Four de refusion infrarouge<\/li>\n<li> Vague (pour soudage traversant)<\/li>\n<li> Table de placement CMS semi automatique ESSEMTEC<\/li>\n<\/ul>\n<\/div><\/div><div id=\"panel-36-1-0-2\" class=\"so-panel widget widget_metaslider_widget panel-last-child\" data-index=\"3\" ><div style=\"max-width: 300px; margin: 0 auto;\" class=\"ml-slider-3-10-0 metaslider metaslider-flex metaslider-5 ml-slider\">\n    \n    <div id=\"metaslider_container_5\">\n        <div id=\"metaslider_5\" class=\"flexslider\">\n            <ul class=\"slides\">\n                <li style=\"display: block; width: 100%;\" class=\"slide-47 ms-image\"><img loading=\"lazy\" decoding=\"async\" src=\"http:\/\/www.utopia-electronics.com\/wp-content\/uploads\/2014\/06\/MPM_SP20-300x300.jpg\" height=\"300\" width=\"300\" alt=\"\" class=\"slider-5 slide-47\" \/><\/li>\n                <li style=\"display: none; width: 100%;\" class=\"slide-46 ms-image\"><img loading=\"lazy\" decoding=\"async\" src=\"http:\/\/www.utopia-electronics.com\/wp-content\/uploads\/2014\/06\/mydataTP9UFP-225x225.gif\" height=\"300\" width=\"300\" alt=\"\" class=\"slider-5 slide-46\" \/><div class=\"caption-wrap\"><div class=\"caption\">MyData TP9 UFP Hydra<\/div><\/div><\/li>\n                <li style=\"display: none; width: 100%;\" class=\"slide-78 ms-image\"><img loading=\"lazy\" decoding=\"async\" src=\"http:\/\/www.utopia-electronics.com\/wp-content\/uploads\/2014\/07\/Four_CIF.jpg\" height=\"300\" width=\"300\" alt=\"\" class=\"slider-5 slide-78\" \/><div class=\"caption-wrap\"><div class=\"caption\">Four de prototypage infrarouge<\/div><\/div><\/li>\n                <li style=\"display: none; width: 100%;\" class=\"slide-77 ms-image\"><img loading=\"lazy\" decoding=\"async\" src=\"http:\/\/www.utopia-electronics.com\/wp-content\/uploads\/2014\/07\/Essemtec-EXPERT-240x240.jpg\" height=\"300\" width=\"300\" alt=\"\" class=\"slider-5 slide-77\" \/><div class=\"caption-wrap\"><div class=\"caption\">ESSEMTEC Expert-M<\/div><\/div><\/li>\n                <li style=\"display: none; width: 100%;\" class=\"slide-48 ms-image\"><img loading=\"lazy\" decoding=\"async\" src=\"http:\/\/www.utopia-electronics.com\/wp-content\/uploads\/2014\/06\/Torch_T3A-300x300.jpg\" height=\"300\" width=\"300\" alt=\"\" class=\"slider-5 slide-48\" \/><div class=\"caption-wrap\"><div class=\"caption\">Four refusion convection forc\u00e9e<\/div><\/div><\/li>\n            <\/ul>\n        <\/div>\n        \n    <\/div>\n<\/div><\/div><\/div><\/div><\/div>","protected":false},"excerpt":{"rendered":"<p>Au travers des nombreux projets qui nous ont \u00e9t\u00e9 confi\u00e9s, UTOPIA Electronics a syst\u00e9matiquement fait le choix de s&rsquo;\u00e9quiper afin de pouvoir r\u00e9pondre aux demandes de nos clients. Aujourd&rsquo;hui, l&rsquo;\u00e9quipement dont nous disposons nous permet de traiter diff\u00e9rents aspects d&rsquo;un projet (assemblage, programmation et tests des cartes \u00e9lectroniques, conception ou personnalisation de la m\u00e9canique associ\u00e9e [&hellip;]<\/p>\n","protected":false},"author":1,"featured_media":0,"parent":0,"menu_order":2,"comment_status":"closed","ping_status":"closed","template":"","meta":{"footnotes":""},"class_list":["post-36","page","type-page","status-publish","hentry","post"],"_links":{"self":[{"href":"http:\/\/www.utopia-electronics.com\/index.php?rest_route=\/wp\/v2\/pages\/36","targetHints":{"allow":["GET"]}}],"collection":[{"href":"http:\/\/www.utopia-electronics.com\/index.php?rest_route=\/wp\/v2\/pages"}],"about":[{"href":"http:\/\/www.utopia-electronics.com\/index.php?rest_route=\/wp\/v2\/types\/page"}],"author":[{"embeddable":true,"href":"http:\/\/www.utopia-electronics.com\/index.php?rest_route=\/wp\/v2\/users\/1"}],"replies":[{"embeddable":true,"href":"http:\/\/www.utopia-electronics.com\/index.php?rest_route=%2Fwp%2Fv2%2Fcomments&post=36"}],"version-history":[{"count":8,"href":"http:\/\/www.utopia-electronics.com\/index.php?rest_route=\/wp\/v2\/pages\/36\/revisions"}],"predecessor-version":[{"id":224,"href":"http:\/\/www.utopia-electronics.com\/index.php?rest_route=\/wp\/v2\/pages\/36\/revisions\/224"}],"wp:attachment":[{"href":"http:\/\/www.utopia-electronics.com\/index.php?rest_route=%2Fwp%2Fv2%2Fmedia&parent=36"}],"curies":[{"name":"wp","href":"https:\/\/api.w.org\/{rel}","templated":true}]}}