{"id":28,"date":"2014-06-16T11:14:41","date_gmt":"2014-06-16T09:14:41","guid":{"rendered":"http:\/\/www.utopia-electronics.com\/?page_id=28"},"modified":"2014-10-17T17:35:41","modified_gmt":"2014-10-17T15:35:41","slug":"la-societe","status":"publish","type":"page","link":"http:\/\/www.utopia-electronics.com\/?page_id=28","title":{"rendered":"La Soci\u00e9t\u00e9"},"content":{"rendered":"<h3 class=\"Style1\" align=\"justify\"><img loading=\"lazy\" decoding=\"async\" class=\"alignleft size-full wp-image-135\" src=\"http:\/\/www.utopia-electronics.com\/wp-content\/uploads\/unique.jpg\" alt=\"unique\" width=\"280\" height=\"180\" srcset=\"http:\/\/www.utopia-electronics.com\/wp-content\/uploads\/unique.jpg 280w, http:\/\/www.utopia-electronics.com\/wp-content\/uploads\/unique-148x95.jpg 148w, http:\/\/www.utopia-electronics.com\/wp-content\/uploads\/unique-31x19.jpg 31w, http:\/\/www.utopia-electronics.com\/wp-content\/uploads\/unique-38x24.jpg 38w\" sizes=\"auto, (max-width: 280px) 100vw, 280px\" \/><span style=\"color: #333333;\"><em><strong><span style=\"text-decoration: underline;\"><span style=\"text-decoration: underline;\">Qui sommes nous ?<\/span><\/span><\/strong><\/em><\/span><\/h3>\n<p class=\"Style1\" align=\"justify\"><strong>UTOPIA Electronics<\/strong> est un bureau d&rsquo;\u00e9tude sp\u00e9cialis\u00e9 dans l&rsquo;ing\u00e9nierie \u00e9lectronique et informatique. Nous d\u00e9veloppons toutes solutions sur mesure pouvant int\u00e9grer les technologies les plus r\u00e9centes en mati\u00e8re de communication (2.4Ghz, Wifi, Bluetooth, GSM\/GPRS), d&rsquo;identification (solutions biom\u00e9triques de reconnaissance et synth\u00e8se vocale, empreintes digitales, solutions RFID), de mesure (temp\u00e9rature, hygrom\u00e9trie, pression, CO2, VOC, radioactivit\u00e9), et positionnement satellite (GPS). Les outils de d\u00e9veloppement utilis\u00e9s, toujours issus de la derni\u00e8re g\u00e9n\u00e9ration, permettent de concevoir rapidement des solutions mixtes (Hardware + Software) en conservant une compatibilit\u00e9 maximum avec leur environnement.<\/p>\n<p class=\"Style1\" align=\"justify\">Une ligne d&rsquo;assemblage CMS compl\u00e8te\u00a0(S\u00e9rigraphie, Pick and Place, Refusion, Contr\u00f4le visuel) ainsi que des outils de prototypage performants (imprimante 3D, Banc d&rsquo;usinage num\u00e9rique, machine de d\u00e9coupe Laser&#8230;) nous permettent une autonomie compl\u00e8te dans le cadre de la r\u00e9alisation de votre projet, supprimant ainsi l&rsquo;appel \u00e0 la sous-traitance (pour plus de d\u00e9tail, consultez la rubrique Notre Equipement).<\/p>\n<p class=\"Style1\" align=\"justify\">Cr\u00e9\u00e9e en F\u00e9vrier 2004, et bas\u00e9e \u00e0 proximit\u00e9 de Toulouse, la soci\u00e9t\u00e9 <strong>UTOPIA Electronics, <\/strong>entreprise \u00e0 \u00e9chelle humaine<strong>,<\/strong>\u00a0a su mettre en \u0153uvre ses comp\u00e9tences dans le cadre de nombreux projets. La confiance que nos clients actuels nous accorde est totale au regard des moyens mis en \u0153uvre.<\/p>\n<h2 class=\"Style1\" align=\"justify\"><\/h2>\n<h3 class=\"Style1\" align=\"justify\"><img loading=\"lazy\" decoding=\"async\" class=\"alignleft size-full wp-image-136\" src=\"http:\/\/www.utopia-electronics.com\/wp-content\/uploads\/solution.jpg\" alt=\"solution\" width=\"280\" height=\"180\" srcset=\"http:\/\/www.utopia-electronics.com\/wp-content\/uploads\/solution.jpg 280w, http:\/\/www.utopia-electronics.com\/wp-content\/uploads\/solution-148x95.jpg 148w, http:\/\/www.utopia-electronics.com\/wp-content\/uploads\/solution-31x19.jpg 31w, http:\/\/www.utopia-electronics.com\/wp-content\/uploads\/solution-38x24.jpg 38w\" sizes=\"auto, (max-width: 280px) 100vw, 280px\" \/><em><strong><span style=\"text-decoration: underline;\">Notre m\u00e9tier : vous comprendre et vous assister<\/span><\/strong><\/em><\/h3>\n<p class=\"Style1\" style=\"text-align: justify;\" align=\"justify\">Qu&rsquo;il s&rsquo;agisse de l&rsquo;assemblage de vos cartes \u00e9lectroniques (du prototypage \u00e0 la petite s\u00e9rie)\u00a0ou de la r\u00e9alisation compl\u00e8te d&rsquo;une \u00e9tude, notre travail consiste \u00e0 analyser votre probl\u00e9matique et \u00e0 vous proposer une solution adapt\u00e9e \u00e0 l&rsquo;environnement, aux contraintes techniques,\u00a0et surtout \u00e0 votre budget.<\/p>\n<p class=\"Style1\" style=\"text-align: justify;\" align=\"justify\">De l&rsquo;\u00e9tude jusqu&rsquo;au produit fini, nous travaillerons en \u00e9troite collaboration avec votre ing\u00e9nieur projet, pour une prestation de qualit\u00e9, dans le respect des contraintes de temps.<\/p>\n<p class=\"Style1\" style=\"text-align: justify;\" align=\"justify\">Ce qui nous diff\u00e9rencie : La r\u00e9activit\u00e9 et la souplesse d&rsquo;une entreprise \u00e0 taille humaine. Votre projet ne se r\u00e9sume pas \u00e0 une simple mission, un simple num\u00e9ro de commande parmi tant d&rsquo;autres projets clients. Une fois entre nos mains, VOTRE projet devient NOTRE projet, et nous travaillerons ensemble afin qu&rsquo;il aboutisse dans les meilleures conditions.<\/p>\n<p class=\"Style1\" style=\"text-align: justify;\" align=\"justify\">Que vous soyez une Industrie, un bureau d&rsquo;\u00e9tude,\u00a0un Laboratoire, ou un m\u00eame un Particulier, <strong>UTOPIA Electronics<\/strong> est \u00e0 votre \u00e9coute.<\/p>\n<p class=\"Style1\" style=\"text-align: justify;\" align=\"justify\">Confiez-nous votre projet et nous en ferons une r\u00e9alit\u00e9 !<\/p>\n<h2 class=\"Style1\" align=\"justify\"><\/h2>\n<h3 class=\"Style1\" style=\"text-align: left;\" align=\"justify\"><img loading=\"lazy\" decoding=\"async\" class=\"alignleft size-full wp-image-139\" src=\"http:\/\/www.utopia-electronics.com\/wp-content\/uploads\/relax.jpg\" alt=\"relax\" width=\"280\" height=\"180\" srcset=\"http:\/\/www.utopia-electronics.com\/wp-content\/uploads\/relax.jpg 280w, http:\/\/www.utopia-electronics.com\/wp-content\/uploads\/relax-148x95.jpg 148w, http:\/\/www.utopia-electronics.com\/wp-content\/uploads\/relax-31x19.jpg 31w, http:\/\/www.utopia-electronics.com\/wp-content\/uploads\/relax-38x24.jpg 38w\" sizes=\"auto, (max-width: 280px) 100vw, 280px\" \/><em><strong><span style=\"text-decoration: underline;\">Notre objectif : votre satisfaction<\/span><\/strong><\/em><\/h3>\n<p>Toujours \u00e0 votre \u00e9coute, notre mission ne se limite pas au d\u00e9veloppement d&rsquo;un produit ou \u00e0 l&rsquo;assemblage de vos cartes \u00e9lectroniques.<\/p>\n<p style=\"text-align: justify;\">En effet, <strong>UTOPIA Electronics<\/strong> vous accompagne dans les phases d&rsquo;industrialisation et de\u00a0d\u00e9ploiement de votre projet, et reste \u00e0 vos c\u00f4t\u00e9s pour suivre l&rsquo;\u00e9volution du produit. Notre r\u00e9activit\u00e9 vous permet de r\u00e9pondre aux exigences du march\u00e9.<\/p>\n","protected":false},"excerpt":{"rendered":"<p>Qui sommes nous ? UTOPIA Electronics est un bureau d&rsquo;\u00e9tude sp\u00e9cialis\u00e9 dans l&rsquo;ing\u00e9nierie \u00e9lectronique et informatique. Nous d\u00e9veloppons toutes solutions sur mesure pouvant int\u00e9grer les technologies les plus r\u00e9centes en mati\u00e8re de communication (2.4Ghz, Wifi, Bluetooth, GSM\/GPRS), d&rsquo;identification (solutions biom\u00e9triques de reconnaissance et synth\u00e8se vocale, empreintes digitales, solutions RFID), de mesure (temp\u00e9rature, hygrom\u00e9trie, pression, CO2, [&hellip;]<\/p>\n","protected":false},"author":1,"featured_media":0,"parent":0,"menu_order":1,"comment_status":"closed","ping_status":"closed","template":"","meta":{"footnotes":""},"class_list":["post-28","page","type-page","status-publish","hentry","post"],"_links":{"self":[{"href":"http:\/\/www.utopia-electronics.com\/index.php?rest_route=\/wp\/v2\/pages\/28","targetHints":{"allow":["GET"]}}],"collection":[{"href":"http:\/\/www.utopia-electronics.com\/index.php?rest_route=\/wp\/v2\/pages"}],"about":[{"href":"http:\/\/www.utopia-electronics.com\/index.php?rest_route=\/wp\/v2\/types\/page"}],"author":[{"embeddable":true,"href":"http:\/\/www.utopia-electronics.com\/index.php?rest_route=\/wp\/v2\/users\/1"}],"replies":[{"embeddable":true,"href":"http:\/\/www.utopia-electronics.com\/index.php?rest_route=%2Fwp%2Fv2%2Fcomments&post=28"}],"version-history":[{"count":12,"href":"http:\/\/www.utopia-electronics.com\/index.php?rest_route=\/wp\/v2\/pages\/28\/revisions"}],"predecessor-version":[{"id":142,"href":"http:\/\/www.utopia-electronics.com\/index.php?rest_route=\/wp\/v2\/pages\/28\/revisions\/142"}],"wp:attachment":[{"href":"http:\/\/www.utopia-electronics.com\/index.php?rest_route=%2Fwp%2Fv2%2Fmedia&parent=28"}],"curies":[{"name":"wp","href":"https:\/\/api.w.org\/{rel}","templated":true}]}}