{"id":209,"date":"2015-01-14T00:13:11","date_gmt":"2015-01-13T23:13:11","guid":{"rendered":"http:\/\/www.utopia-electronics.com\/?page_id=209"},"modified":"2015-01-14T00:13:11","modified_gmt":"2015-01-13T23:13:11","slug":"actualites-rd","status":"publish","type":"page","link":"http:\/\/www.utopia-electronics.com\/?page_id=209","title":{"rendered":"Actualit\u00e9s R&#038;D"},"content":{"rendered":"<p>Retrouvez tr\u00e8s prochainement dans cet espace quelques projets sur lesquels nous travaillons actuellement.<\/p>\n<p>Cet espace sera mis \u00e0 jour r\u00e9guli\u00e8rement avec les nouveaut\u00e9s UTOPIA Electronics.<\/p>\n","protected":false},"excerpt":{"rendered":"<p>Retrouvez tr\u00e8s prochainement dans cet espace quelques projets sur lesquels nous travaillons actuellement. Cet espace sera mis \u00e0 jour r\u00e9guli\u00e8rement avec les nouveaut\u00e9s UTOPIA Electronics.<\/p>\n","protected":false},"author":1,"featured_media":0,"parent":0,"menu_order":0,"comment_status":"closed","ping_status":"closed","template":"","meta":{"footnotes":""},"class_list":["post-209","page","type-page","status-publish","hentry","post"],"_links":{"self":[{"href":"http:\/\/www.utopia-electronics.com\/index.php?rest_route=\/wp\/v2\/pages\/209","targetHints":{"allow":["GET"]}}],"collection":[{"href":"http:\/\/www.utopia-electronics.com\/index.php?rest_route=\/wp\/v2\/pages"}],"about":[{"href":"http:\/\/www.utopia-electronics.com\/index.php?rest_route=\/wp\/v2\/types\/page"}],"author":[{"embeddable":true,"href":"http:\/\/www.utopia-electronics.com\/index.php?rest_route=\/wp\/v2\/users\/1"}],"replies":[{"embeddable":true,"href":"http:\/\/www.utopia-electronics.com\/index.php?rest_route=%2Fwp%2Fv2%2Fcomments&post=209"}],"version-history":[{"count":1,"href":"http:\/\/www.utopia-electronics.com\/index.php?rest_route=\/wp\/v2\/pages\/209\/revisions"}],"predecessor-version":[{"id":210,"href":"http:\/\/www.utopia-electronics.com\/index.php?rest_route=\/wp\/v2\/pages\/209\/revisions\/210"}],"wp:attachment":[{"href":"http:\/\/www.utopia-electronics.com\/index.php?rest_route=%2Fwp%2Fv2%2Fmedia&parent=209"}],"curies":[{"name":"wp","href":"https:\/\/api.w.org\/{rel}","templated":true}]}}