{"id":197,"date":"2014-10-17T16:29:15","date_gmt":"2014-10-17T14:29:15","guid":{"rendered":"http:\/\/www.utopia-electronics.com\/?page_id=197"},"modified":"2014-12-08T18:18:47","modified_gmt":"2014-12-08T17:18:47","slug":"nos-partenaires","status":"publish","type":"page","link":"http:\/\/www.utopia-electronics.com\/?page_id=197","title":{"rendered":"Nos partenaires"},"content":{"rendered":"<div id=\"pl-197\"  class=\"panel-layout\" ><div id=\"pg-197-0\"  class=\"panel-grid panel-no-style\" ><div id=\"pgc-197-0-0\"  class=\"panel-grid-cell\" ><div id=\"panel-197-0-0-0\" class=\"so-panel widget widget_siteorigin-panels-image panel-first-child panel-last-child\" data-index=\"0\" ><a href=\"http:\/\/www.novalynx.fr\"><img decoding=\"async\" src=\"http:\/\/www.utopia-electronics.com\/wp-content\/uploads\/Logo-NovaLynx.png\" \/><\/a><\/div><\/div><div id=\"pgc-197-0-1\"  class=\"panel-grid-cell\" ><div id=\"panel-197-0-1-0\" class=\"so-panel widget widget_text panel-first-child panel-last-child\" data-index=\"1\" ><h3 class=\"widget-title\">Soci\u00e9t\u00e9 Novalynx<\/h3>\t\t\t<div class=\"textwidget\"><p>Concepteurs de Syst\u00e8mes Intelligents Distribu\u00e9s<br \/>\nSp\u00e9cialistes de la robotique, vision artificielle, r\u00e9seaux, analyse de donn\u00e9es ...<\/p>\n<\/div>\n\t\t<\/div><\/div><\/div><\/div>","protected":false},"excerpt":{"rendered":"<p>Soci\u00e9t\u00e9 Novalynx Concepteurs de Syst\u00e8mes Intelligents Distribu\u00e9s Sp\u00e9cialistes de la robotique, vision artificielle, r\u00e9seaux, analyse de donn\u00e9es &#8230;<\/p>\n","protected":false},"author":1,"featured_media":0,"parent":0,"menu_order":0,"comment_status":"closed","ping_status":"closed","template":"","meta":{"footnotes":""},"class_list":["post-197","page","type-page","status-publish","hentry","post"],"_links":{"self":[{"href":"http:\/\/www.utopia-electronics.com\/index.php?rest_route=\/wp\/v2\/pages\/197","targetHints":{"allow":["GET"]}}],"collection":[{"href":"http:\/\/www.utopia-electronics.com\/index.php?rest_route=\/wp\/v2\/pages"}],"about":[{"href":"http:\/\/www.utopia-electronics.com\/index.php?rest_route=\/wp\/v2\/types\/page"}],"author":[{"embeddable":true,"href":"http:\/\/www.utopia-electronics.com\/index.php?rest_route=\/wp\/v2\/users\/1"}],"replies":[{"embeddable":true,"href":"http:\/\/www.utopia-electronics.com\/index.php?rest_route=%2Fwp%2Fv2%2Fcomments&post=197"}],"version-history":[{"count":5,"href":"http:\/\/www.utopia-electronics.com\/index.php?rest_route=\/wp\/v2\/pages\/197\/revisions"}],"predecessor-version":[{"id":205,"href":"http:\/\/www.utopia-electronics.com\/index.php?rest_route=\/wp\/v2\/pages\/197\/revisions\/205"}],"wp:attachment":[{"href":"http:\/\/www.utopia-electronics.com\/index.php?rest_route=%2Fwp%2Fv2%2Fmedia&parent=197"}],"curies":[{"name":"wp","href":"https:\/\/api.w.org\/{rel}","templated":true}]}}