{"id":104,"date":"2014-09-29T09:59:19","date_gmt":"2014-09-29T07:59:19","guid":{"rendered":"http:\/\/www.utopia-electronics.com\/?page_id=104"},"modified":"2015-01-13T23:40:40","modified_gmt":"2015-01-13T22:40:40","slug":"nos-produits","status":"publish","type":"page","link":"http:\/\/www.utopia-electronics.com\/?page_id=104","title":{"rendered":"Nos Produits"},"content":{"rendered":"<p>Vous d\u00e9couvrirez ici tr\u00e8s prochainement l&rsquo;espace boutique, avec des produits d\u00e9velopp\u00e9s et commercialis\u00e9s par UTOPIA Electronics.<\/p>\n<p>Merci de nous rendre visite tr\u00e8s prochainement pour d\u00e9couvrir nos offres !<\/p>\n","protected":false},"excerpt":{"rendered":"<p>Vous d\u00e9couvrirez ici tr\u00e8s prochainement l&rsquo;espace boutique, avec des produits d\u00e9velopp\u00e9s et commercialis\u00e9s par UTOPIA Electronics. Merci de nous rendre visite tr\u00e8s prochainement pour d\u00e9couvrir nos offres !<\/p>\n","protected":false},"author":1,"featured_media":0,"parent":0,"menu_order":5,"comment_status":"closed","ping_status":"closed","template":"","meta":{"footnotes":""},"class_list":["post-104","page","type-page","status-publish","hentry","post"],"_links":{"self":[{"href":"http:\/\/www.utopia-electronics.com\/index.php?rest_route=\/wp\/v2\/pages\/104","targetHints":{"allow":["GET"]}}],"collection":[{"href":"http:\/\/www.utopia-electronics.com\/index.php?rest_route=\/wp\/v2\/pages"}],"about":[{"href":"http:\/\/www.utopia-electronics.com\/index.php?rest_route=\/wp\/v2\/types\/page"}],"author":[{"embeddable":true,"href":"http:\/\/www.utopia-electronics.com\/index.php?rest_route=\/wp\/v2\/users\/1"}],"replies":[{"embeddable":true,"href":"http:\/\/www.utopia-electronics.com\/index.php?rest_route=%2Fwp%2Fv2%2Fcomments&post=104"}],"version-history":[{"count":4,"href":"http:\/\/www.utopia-electronics.com\/index.php?rest_route=\/wp\/v2\/pages\/104\/revisions"}],"predecessor-version":[{"id":145,"href":"http:\/\/www.utopia-electronics.com\/index.php?rest_route=\/wp\/v2\/pages\/104\/revisions\/145"}],"wp:attachment":[{"href":"http:\/\/www.utopia-electronics.com\/index.php?rest_route=%2Fwp%2Fv2%2Fmedia&parent=104"}],"curies":[{"name":"wp","href":"https:\/\/api.w.org\/{rel}","templated":true}]}}